{"id":426,"date":"2024-02-24T18:05:17","date_gmt":"2024-02-24T17:05:17","guid":{"rendered":"https:\/\/pizza-lafo.de\/impressum\/"},"modified":"2024-03-15T20:56:31","modified_gmt":"2024-03-15T19:56:31","slug":"impressum","status":"publish","type":"page","link":"https:\/\/pizza-lafo.de\/en\/impressum\/","title":{"rendered":"Impressum"},"content":{"rendered":"<div id='av_section_1'  class='avia-section av-3yc9-327ffaca205a3840d6e148612471b146 main_color avia-section-default avia-no-border-styling  avia-builder-el-0  avia-builder-el-no-sibling  avia-bg-style-scroll container_wrap fullsize'  ><div class='container av-section-cont-open' ><main  role=\"main\" itemprop=\"mainContentOfPage\"  class='template-page content  av-content-full alpha units'><div class='post-entry post-entry-type-page post-entry-426'><div class='entry-content-wrapper clearfix'>\n<section  class='av_textblock_section av-ltlv3uam-9eaae8240be1bdbc5bf785b931ee2f2e '   itemscope=\"itemscope\" itemtype=\"https:\/\/schema.org\/CreativeWork\" ><div class='avia_textblock'  itemprop=\"text\" ><h1>Impressum<\/h1>\n<p><strong>Angaben gem\u00e4\u00df \u00a7 5 TMG:<\/strong><br \/>\nInh.: Ristorante Pizzeria La Fontana GmbH<br \/>\nMarktpl. 9, 86650 Wemding<br \/>\nTel.: 09092 8271<br \/>\nE-Mail: info@pizza-lafo.de<\/p>\n<p>Steuer-Nr.: 152\/135\/20048<\/p>\n<h4>Haftung f\u00fcr Links<\/h4>\n<p>Die aufgef\u00fchrten externen Links f\u00fchren zu Inhalten fremder Anbieter. F\u00fcr diese Inhalte ist der jeweilige Anbieter verantworlich.<\/p>\n<h4>Haftung f\u00fcr Inhalte<\/h4>\n<p>Die Informationen auf dieser Seite sind allgemeiner und informativer Art. Die Inhalte dieser Seiten werden mit gr\u00f6\u00dfter Sorgfalt erstellt. F\u00fcr die Richtigkeit, Vollst\u00e4ndigkeit und Aktualit\u00e4t dieser Inhalte kann jedoch keine Haftung \u00fcbernommen werden.<\/p>\n<\/div><\/section>\n\n","protected":false},"excerpt":{"rendered":"","protected":false},"author":1,"featured_media":0,"parent":0,"menu_order":0,"comment_status":"closed","ping_status":"closed","template":"","meta":{"_acf_changed":false,"footnotes":""},"class_list":["post-426","page","type-page","status-publish","hentry"],"acf":[],"yoast_head":"<!-- This site is optimized with the Yoast SEO plugin v27.5 - https:\/\/yoast.com\/product\/yoast-seo-wordpress\/ -->\n<title>Impressum - Pizzeria La Fontana<\/title>\n<meta name=\"robots\" content=\"index, follow, max-snippet:-1, max-image-preview:large, max-video-preview:-1\" \/>\n<link rel=\"canonical\" href=\"https:\/\/pizza-lafo.de\/en\/impressum\/\" \/>\n<meta property=\"og:locale\" content=\"en_US\" \/>\n<meta property=\"og:type\" content=\"article\" \/>\n<meta property=\"og:title\" content=\"Impressum - Pizzeria La Fontana\" \/>\n<meta property=\"og:url\" content=\"https:\/\/pizza-lafo.de\/en\/impressum\/\" \/>\n<meta property=\"og:site_name\" content=\"Pizzeria La Fontana\" \/>\n<meta property=\"article:modified_time\" content=\"2024-03-15T19:56:31+00:00\" \/>\n<meta name=\"twitter:card\" content=\"summary_large_image\" \/>\n<meta name=\"twitter:label1\" content=\"Est. reading time\" \/>\n\t<meta name=\"twitter:data1\" content=\"3 minutes\" \/>\n<script type=\"application\/ld+json\" class=\"yoast-schema-graph\">{\"@context\":\"https:\\\/\\\/schema.org\",\"@graph\":[{\"@type\":\"WebPage\",\"@id\":\"https:\\\/\\\/pizza-lafo.de\\\/en\\\/impressum\\\/\",\"url\":\"https:\\\/\\\/pizza-lafo.de\\\/en\\\/impressum\\\/\",\"name\":\"Impressum - Pizzeria La Fontana\",\"isPartOf\":{\"@id\":\"https:\\\/\\\/pizza-lafo.de\\\/en\\\/#website\"},\"datePublished\":\"2024-02-24T17:05:17+00:00\",\"dateModified\":\"2024-03-15T19:56:31+00:00\",\"breadcrumb\":{\"@id\":\"https:\\\/\\\/pizza-lafo.de\\\/en\\\/impressum\\\/#breadcrumb\"},\"inLanguage\":\"en-US\",\"potentialAction\":[{\"@type\":\"ReadAction\",\"target\":[\"https:\\\/\\\/pizza-lafo.de\\\/en\\\/impressum\\\/\"]}]},{\"@type\":\"BreadcrumbList\",\"@id\":\"https:\\\/\\\/pizza-lafo.de\\\/en\\\/impressum\\\/#breadcrumb\",\"itemListElement\":[{\"@type\":\"ListItem\",\"position\":1,\"name\":\"Startseite\",\"item\":\"https:\\\/\\\/pizza-lafo.de\\\/en\\\/home\\\/\"},{\"@type\":\"ListItem\",\"position\":2,\"name\":\"Impressum\"}]},{\"@type\":\"WebSite\",\"@id\":\"https:\\\/\\\/pizza-lafo.de\\\/en\\\/#website\",\"url\":\"https:\\\/\\\/pizza-lafo.de\\\/en\\\/\",\"name\":\"Pizzeria La Fontana\",\"description\":\"\",\"publisher\":{\"@id\":\"https:\\\/\\\/pizza-lafo.de\\\/en\\\/#organization\"},\"potentialAction\":[{\"@type\":\"SearchAction\",\"target\":{\"@type\":\"EntryPoint\",\"urlTemplate\":\"https:\\\/\\\/pizza-lafo.de\\\/en\\\/?s={search_term_string}\"},\"query-input\":{\"@type\":\"PropertyValueSpecification\",\"valueRequired\":true,\"valueName\":\"search_term_string\"}}],\"inLanguage\":\"en-US\"},{\"@type\":\"Organization\",\"@id\":\"https:\\\/\\\/pizza-lafo.de\\\/en\\\/#organization\",\"name\":\"Pizzeria La Fontana\",\"url\":\"https:\\\/\\\/pizza-lafo.de\\\/en\\\/\",\"logo\":{\"@type\":\"ImageObject\",\"inLanguage\":\"en-US\",\"@id\":\"https:\\\/\\\/pizza-lafo.de\\\/en\\\/#\\\/schema\\\/logo\\\/image\\\/\",\"url\":\"https:\\\/\\\/pizza-lafo.de\\\/wp-content\\\/uploads\\\/2024\\\/02\\\/logo_SVG.svg\",\"contentUrl\":\"https:\\\/\\\/pizza-lafo.de\\\/wp-content\\\/uploads\\\/2024\\\/02\\\/logo_SVG.svg\",\"width\":1,\"height\":1,\"caption\":\"Pizzeria La Fontana\"},\"image\":{\"@id\":\"https:\\\/\\\/pizza-lafo.de\\\/en\\\/#\\\/schema\\\/logo\\\/image\\\/\"}}]}<\/script>\n<!-- \/ Yoast SEO plugin. -->","yoast_head_json":{"title":"Impressum - Pizzeria La Fontana","robots":{"index":"index","follow":"follow","max-snippet":"max-snippet:-1","max-image-preview":"max-image-preview:large","max-video-preview":"max-video-preview:-1"},"canonical":"https:\/\/pizza-lafo.de\/en\/impressum\/","og_locale":"en_US","og_type":"article","og_title":"Impressum - Pizzeria La Fontana","og_url":"https:\/\/pizza-lafo.de\/en\/impressum\/","og_site_name":"Pizzeria La Fontana","article_modified_time":"2024-03-15T19:56:31+00:00","twitter_card":"summary_large_image","twitter_misc":{"Est. reading time":"3 minutes"},"schema":{"@context":"https:\/\/schema.org","@graph":[{"@type":"WebPage","@id":"https:\/\/pizza-lafo.de\/en\/impressum\/","url":"https:\/\/pizza-lafo.de\/en\/impressum\/","name":"Impressum - Pizzeria La Fontana","isPartOf":{"@id":"https:\/\/pizza-lafo.de\/en\/#website"},"datePublished":"2024-02-24T17:05:17+00:00","dateModified":"2024-03-15T19:56:31+00:00","breadcrumb":{"@id":"https:\/\/pizza-lafo.de\/en\/impressum\/#breadcrumb"},"inLanguage":"en-US","potentialAction":[{"@type":"ReadAction","target":["https:\/\/pizza-lafo.de\/en\/impressum\/"]}]},{"@type":"BreadcrumbList","@id":"https:\/\/pizza-lafo.de\/en\/impressum\/#breadcrumb","itemListElement":[{"@type":"ListItem","position":1,"name":"Startseite","item":"https:\/\/pizza-lafo.de\/en\/home\/"},{"@type":"ListItem","position":2,"name":"Impressum"}]},{"@type":"WebSite","@id":"https:\/\/pizza-lafo.de\/en\/#website","url":"https:\/\/pizza-lafo.de\/en\/","name":"Pizzeria La Fontana","description":"","publisher":{"@id":"https:\/\/pizza-lafo.de\/en\/#organization"},"potentialAction":[{"@type":"SearchAction","target":{"@type":"EntryPoint","urlTemplate":"https:\/\/pizza-lafo.de\/en\/?s={search_term_string}"},"query-input":{"@type":"PropertyValueSpecification","valueRequired":true,"valueName":"search_term_string"}}],"inLanguage":"en-US"},{"@type":"Organization","@id":"https:\/\/pizza-lafo.de\/en\/#organization","name":"Pizzeria La Fontana","url":"https:\/\/pizza-lafo.de\/en\/","logo":{"@type":"ImageObject","inLanguage":"en-US","@id":"https:\/\/pizza-lafo.de\/en\/#\/schema\/logo\/image\/","url":"https:\/\/pizza-lafo.de\/wp-content\/uploads\/2024\/02\/logo_SVG.svg","contentUrl":"https:\/\/pizza-lafo.de\/wp-content\/uploads\/2024\/02\/logo_SVG.svg","width":1,"height":1,"caption":"Pizzeria La Fontana"},"image":{"@id":"https:\/\/pizza-lafo.de\/en\/#\/schema\/logo\/image\/"}}]}},"_links":{"self":[{"href":"https:\/\/pizza-lafo.de\/en\/wp-json\/wp\/v2\/pages\/426","targetHints":{"allow":["GET"]}}],"collection":[{"href":"https:\/\/pizza-lafo.de\/en\/wp-json\/wp\/v2\/pages"}],"about":[{"href":"https:\/\/pizza-lafo.de\/en\/wp-json\/wp\/v2\/types\/page"}],"author":[{"embeddable":true,"href":"https:\/\/pizza-lafo.de\/en\/wp-json\/wp\/v2\/users\/1"}],"replies":[{"embeddable":true,"href":"https:\/\/pizza-lafo.de\/en\/wp-json\/wp\/v2\/comments?post=426"}],"version-history":[{"count":3,"href":"https:\/\/pizza-lafo.de\/en\/wp-json\/wp\/v2\/pages\/426\/revisions"}],"predecessor-version":[{"id":702,"href":"https:\/\/pizza-lafo.de\/en\/wp-json\/wp\/v2\/pages\/426\/revisions\/702"}],"wp:attachment":[{"href":"https:\/\/pizza-lafo.de\/en\/wp-json\/wp\/v2\/media?parent=426"}],"curies":[{"name":"wp","href":"https:\/\/api.w.org\/{rel}","templated":true}]}}